{"id":3434,"date":"2025-02-17T19:11:09","date_gmt":"2025-02-17T18:11:09","guid":{"rendered":"https:\/\/cashlupo.com\/?page_id=3434"},"modified":"2025-02-17T19:23:14","modified_gmt":"2025-02-17T18:23:14","slug":"politique-de-cookies","status":"publish","type":"page","link":"https:\/\/cashlupo.com\/fr\/politique-de-cookies\/","title":{"rendered":"POLITIQUE DE COOKIES"},"content":{"rendered":"\t\t<div data-elementor-type=\"wp-page\" data-elementor-id=\"3434\" class=\"elementor elementor-3434 elementor-3429\" data-elementor-post-type=\"page\">\n\t\t\t\t<div class=\"elementor-element elementor-element-7b073fa e-flex e-con-boxed e-con e-parent\" data-id=\"7b073fa\" data-element_type=\"container\" data-e-type=\"container\">\n\t\t\t\t\t<div class=\"e-con-inner\">\n\t\t<div class=\"elementor-element elementor-element-11b3502 e-con-full e-flex e-con e-child\" data-id=\"11b3502\" data-element_type=\"container\" data-e-type=\"container\">\n\t\t\t\t<div class=\"elementor-element elementor-element-95f0291 elementor-widget__width-initial elementor-widget-tablet__width-initial elementor-widget-mobile__width-inherit elementor-widget elementor-widget-heading\" data-id=\"95f0291\" data-element_type=\"widget\" data-e-type=\"widget\" data-widget_type=\"heading.default\">\n\t\t\t\t<div class=\"elementor-widget-container\">\n\t\t\t\t\t<h3 class=\"elementor-heading-title elementor-size-default\"><p style=\"margin: 0cm;line-height: 27.75pt;font-size: 11pt;font-family: Calibri, sans-serif;font-weight: 400;white-space: normal;background: white\"><b><span lang=\"FR\" style=\"font-size: 17.5pt;, sans-serif\">POLITIQUE DE COOKIES<\/span><\/b><span style=\", sans-serif;font-size: 23px;font-weight: 700;white-space: pre-wrap;text-align: var(--text-align)\"><\/span><\/p><\/h3>\t\t\t\t<\/div>\n\t\t\t\t<\/div>\n\t\t\t\t<\/div>\n\t\t<div class=\"elementor-element elementor-element-44b6a83 e-con-full e-flex e-con e-child\" data-id=\"44b6a83\" data-element_type=\"container\" data-e-type=\"container\">\n\t\t\t\t<\/div>\n\t\t\t\t\t<\/div>\n\t\t\t\t<\/div>\n\t\t<div class=\"elementor-element elementor-element-bce45a0 e-flex e-con-boxed e-con e-parent\" data-id=\"bce45a0\" data-element_type=\"container\" data-e-type=\"container\">\n\t\t\t\t\t<div class=\"e-con-inner\">\n\t\t<div class=\"elementor-element elementor-element-3103473 e-flex e-con-boxed e-con e-child\" data-id=\"3103473\" data-element_type=\"container\" data-e-type=\"container\">\n\t\t\t\t\t<div class=\"e-con-inner\">\n\t\t\t\t<div class=\"elementor-element elementor-element-95e6ea9 elementor-widget elementor-widget-text-editor\" data-id=\"95e6ea9\" data-element_type=\"widget\" data-e-type=\"widget\" data-widget_type=\"text-editor.default\">\n\t\t\t\t<div class=\"elementor-widget-container\">\n\t\t\t\t\t\t\t\t\t<p style=\"margin: 0cm 0cm 8pt; line-height: normal; font-size: 11pt; font-family: Calibri, sans-serif; caret-color: rgb(0, 0, 0); color: rgb(0, 0, 0); background: white;\"><span lang=\"FR\" style=\"font-size: 13.5pt; font-family: &quot;Open Sans&quot;, sans-serif; color: rgb(27, 48, 81);\">Nous utilisons des cookies pour recueillir des informations au sujet des personnes utilisatrices. Nous ne pouvons utiliser que des cookies propres, de session, \u00e0 des fins techniques (permettant \u00e0 la personne utilisatrice de naviguer sur le site web et d\u2019utiliser les diff\u00e9rentes options et services qui y existent).<\/span><\/p>\n<p style=\"margin: 0cm 0cm 8pt; line-height: normal; font-size: 11pt; font-family: Calibri, sans-serif; caret-color: rgb(0, 0, 0); color: rgb(0, 0, 0); background: white;\"><span lang=\"FR\" style=\"font-size: 13.5pt; font-family: &quot;Open Sans&quot;, sans-serif; color: rgb(27, 48, 81);\">N\u00e9anmoins, le portail contient des liens vers des sites web de tiers, dont les politiques de confidentialit\u00e9 nous sont \u00e9trang\u00e8res. En acc\u00e9dant \u00e0 ces sites web, vous pouvez d\u00e9cider si vous en acceptez les politiques de confidentialit\u00e9 et relatives aux cookies. \u00c0 titre g\u00e9n\u00e9ral, si vous surfez sur Internet, vous pouvez accepter ou refuser les cookies de tiers \u00e0 l&rsquo;aide des options de param\u00e9trage de votre navigateur.<br>Les utilisateurs et utilisatrices sont inform\u00e9s\/\u00e9es ci-dessous des \u00e9tapes \u00e0 suivre pour acc\u00e9der au menu de param\u00e9trage des cookies, et le cas \u00e9ch\u00e9ant de la navigation priv\u00e9e dans chacun des principaux navigateurs :<\/span><span lang=\"FR\" style=\"font-size: 13.5pt; font-family: &quot;Open Sans&quot;, sans-serif; color: rgb(27, 48, 81);\"><o:p><\/o:p><\/span><\/p>\n<p><span style=\"caret-color: rgb(0, 0, 0); color: rgb(0, 0, 0); font-family: -webkit-standard; font-size: medium;\"><\/span><\/p>\n<p><b style=\"text-align: var(--text-align); caret-color: rgb(0, 0, 0); color: rgb(0, 0, 0);\"><span lang=\"FR\" style=\"font-size: 13.5pt; line-height: 19.26px; color: rgb(27, 48, 81);\">Internet Explorer<\/span><\/b><span lang=\"FR\" style=\"font-size: 13.5pt; text-align: var(--text-align); line-height: 19.26px;\">&nbsp;: Outils -&gt; Options Internet -&gt; Confidentialit\u00e9 -&gt; Param\u00e8tres. Pour de plus amples informations, vous pouvez consulter le support de Microsoft ou l\u2019Aide du navigateur.<\/span><\/p>\n<p><b style=\"text-align: var(--text-align); caret-color: rgb(0, 0, 0); color: rgb(0, 0, 0);\"><span lang=\"FR\" style=\"font-size: 13.5pt; line-height: 19.26px; color: rgb(27, 48, 81);\">Firefox<\/span><\/b><span lang=\"FR\" style=\"font-size: 13.5pt; text-align: var(--text-align); line-height: 19.26px;\">&nbsp;: Outils -&gt; Options -&gt; Vie priv\u00e9e -&gt; Historique -&gt; Personnalis\u00e9. Pour de plus amples informations, vous pouvez consulter le support de Mozilla ou l\u2019Aide du navigateur.<\/span><\/p>\n<p><b style=\"caret-color: rgb(0, 0, 0); color: rgb(0, 0, 0);\"><span lang=\"FR\" style=\"font-size: 13.5pt; line-height: 19.26px; color: rgb(27, 48, 81);\">Chrome<\/span><\/b><span lang=\"FR\" style=\"font-size: 13.5pt; line-height: 19.26px;\">&nbsp;: Param\u00e8tres -&gt; Options avanc\u00e9es -&gt; Confidentialit\u00e9 -&gt; Param\u00e8tres de contenu. Pour de plus amples informations, vous pouvez consulter le support de Google ou l\u2019Aide du navigateur.<\/span><\/p><p><span lang=\"FR\" style=\"font-size: 13.5pt; line-height: 19.26px;\"><b style=\"font-size: 13.5pt; text-align: var(--text-align); caret-color: rgb(0, 0, 0); color: rgb(0, 0, 0);\"><span lang=\"FR\" style=\"font-size: 13.5pt; line-height: 19.26px; color: rgb(27, 48, 81);\">Safari<\/span><\/b><span lang=\"FR\" style=\"font-size: 13.5pt; text-align: var(--text-align); line-height: 19.26px;\">&nbsp;: Pr\u00e9f\u00e9rences -&gt; S\u00e9curit\u00e9. Pour de plus amples informations, vous pouvez consulter le support d\u2019Apple ou l\u2019Aide du navigateur.<\/span><br><\/span><\/p><div>\n<\/div>\t\t\t\t\t\t\t\t<\/div>\n\t\t\t\t<\/div>\n\t\t\t\t\t<\/div>\n\t\t\t\t<\/div>\n\t\t\t\t\t<\/div>\n\t\t\t\t<\/div>\n\t\t<div class=\"elementor-element elementor-element-13a6fbd e-flex e-con-boxed e-con e-parent\" data-id=\"13a6fbd\" data-element_type=\"container\" data-e-type=\"container\">\n\t\t\t\t\t<div class=\"e-con-inner\">\n\t\t\t\t<div class=\"elementor-element elementor-element-4b23c9b elementor-widget elementor-widget-heading\" data-id=\"4b23c9b\" data-element_type=\"widget\" data-e-type=\"widget\" data-widget_type=\"heading.default\">\n\t\t\t\t<div class=\"elementor-widget-container\">\n\t\t\t\t\t<h2 class=\"elementor-heading-title elementor-size-default\"><a href=\"https:\/\/cashlupo.com\">Volver<\/a><\/h2>\t\t\t\t<\/div>\n\t\t\t\t<\/div>\n\t\t\t\t\t<\/div>\n\t\t\t\t<\/div>\n\t\t\t\t<\/div>\n\t\t","protected":false},"excerpt":{"rendered":"<p>POLITIQUE DE COOKIES Nous utilisons des cookies pour recueillir des informations au sujet des personnes utilisatrices. Nous ne pouvons utiliser que des cookies propres, de session, \u00e0 des fins techniques (permettant \u00e0 la personne utilisatrice de naviguer sur le site web et d\u2019utiliser les diff\u00e9rentes options et services qui y existent). N\u00e9anmoins, le portail contient [&hellip;]<\/p>\n","protected":false},"author":1,"featured_media":0,"parent":0,"menu_order":0,"comment_status":"closed","ping_status":"closed","template":"","meta":{"footnotes":""},"class_list":["post-3434","page","type-page","status-publish","hentry"],"_links":{"self":[{"href":"https:\/\/cashlupo.com\/fr\/wp-json\/wp\/v2\/pages\/3434","targetHints":{"allow":["GET"]}}],"collection":[{"href":"https:\/\/cashlupo.com\/fr\/wp-json\/wp\/v2\/pages"}],"about":[{"href":"https:\/\/cashlupo.com\/fr\/wp-json\/wp\/v2\/types\/page"}],"author":[{"embeddable":true,"href":"https:\/\/cashlupo.com\/fr\/wp-json\/wp\/v2\/users\/1"}],"replies":[{"embeddable":true,"href":"https:\/\/cashlupo.com\/fr\/wp-json\/wp\/v2\/comments?post=3434"}],"version-history":[{"count":4,"href":"https:\/\/cashlupo.com\/fr\/wp-json\/wp\/v2\/pages\/3434\/revisions"}],"predecessor-version":[{"id":3441,"href":"https:\/\/cashlupo.com\/fr\/wp-json\/wp\/v2\/pages\/3434\/revisions\/3441"}],"wp:attachment":[{"href":"https:\/\/cashlupo.com\/fr\/wp-json\/wp\/v2\/media?parent=3434"}],"curies":[{"name":"wp","href":"https:\/\/api.w.org\/{rel}","templated":true}]}}