{"id":3417,"date":"2025-02-17T18:32:37","date_gmt":"2025-02-17T17:32:37","guid":{"rendered":"https:\/\/cashlupo.com\/?page_id=3417"},"modified":"2025-02-17T18:58:42","modified_gmt":"2025-02-17T17:58:42","slug":"politique-de-confidentialite","status":"publish","type":"page","link":"https:\/\/cashlupo.com\/fr\/politique-de-confidentialite\/","title":{"rendered":"POLITIQUE DE CONFIDENTIALIT\u00c9"},"content":{"rendered":"\t\t<div data-elementor-type=\"wp-page\" data-elementor-id=\"3417\" class=\"elementor elementor-3417 elementor-3411\" data-elementor-post-type=\"page\">\n\t\t\t\t<div class=\"elementor-element elementor-element-a7657d6 e-flex e-con-boxed e-con e-parent\" data-id=\"a7657d6\" data-element_type=\"container\" data-e-type=\"container\">\n\t\t\t\t\t<div class=\"e-con-inner\">\n\t\t<div class=\"elementor-element elementor-element-7eedfd3 e-con-full e-flex e-con e-child\" data-id=\"7eedfd3\" data-element_type=\"container\" data-e-type=\"container\">\n\t\t\t\t<div class=\"elementor-element elementor-element-8d5f70f elementor-widget__width-initial elementor-widget-tablet__width-initial elementor-widget-mobile__width-inherit elementor-widget elementor-widget-heading\" data-id=\"8d5f70f\" data-element_type=\"widget\" data-e-type=\"widget\" data-widget_type=\"heading.default\">\n\t\t\t\t<div class=\"elementor-widget-container\">\n\t\t\t\t\t<h1 class=\"elementor-heading-title elementor-size-default\">POLITIQUE DE CONFIDENTIALIT\u00c9<\/h1>\t\t\t\t<\/div>\n\t\t\t\t<\/div>\n\t\t\t\t<\/div>\n\t\t\t\t\t<\/div>\n\t\t\t\t<\/div>\n\t\t<div class=\"elementor-element elementor-element-23ecf3f e-flex e-con-boxed e-con e-parent\" data-id=\"23ecf3f\" data-element_type=\"container\" data-e-type=\"container\">\n\t\t\t\t\t<div class=\"e-con-inner\">\n\t\t<div class=\"elementor-element elementor-element-a5a7818 e-flex e-con-boxed e-con e-child\" data-id=\"a5a7818\" data-element_type=\"container\" data-e-type=\"container\">\n\t\t\t\t\t<div class=\"e-con-inner\">\n\t\t\t\t<div class=\"elementor-element elementor-element-8476859 elementor-widget elementor-widget-text-editor\" data-id=\"8476859\" data-element_type=\"widget\" data-e-type=\"widget\" data-widget_type=\"text-editor.default\">\n\t\t\t\t<div class=\"elementor-widget-container\">\n\t\t\t\t\t\t\t\t\t<div><ul><li><div><span lang=\"FR\"><a href=\"https:\/\/cashlupo.com\/politica-de-privacidad\/#responsable\">QUI EST LE RESPONSABLE DU TRAITEMENT DE VOS DONN\u00c9ES ?<\/a><\/span><\/div><\/li><li><div><span lang=\"FR\"><a href=\"https:\/\/cashlupo.com\/politica-de-privacidad\/#type\">QUEL TYPE DE DONN\u00c9ES TRAITONS-NOUS ?<\/a><\/span><\/div><\/li><li><div><span lang=\"FR\"><a href=\"https:\/\/cashlupo.com\/politica-de-privacidad\/#finalit%C3%A9\">\u00c0 QUELLES FINS TRAITONS-NOUS VOS DONN\u00c9ES PERSONNELLES ?<\/a><\/span><\/div><\/li><li><div><span lang=\"FR\"><a href=\"https:\/\/cashlupo.com\/politica-de-privacidad\/#l%C3%A9gitimit%C3%A9\">QUELLE L\u00c9GITIMIT\u00c9 POUR LE TRAITEMENT DE VOS DONN\u00c9ES ?<\/a><\/span><\/div><\/li><li><div><span lang=\"FR\"><a href=\"https:\/\/cashlupo.com\/politica-de-privacidad\/#temps\">PENDANT COMBIEN DE TEMPS CONSERVERONS-NOUS VOS DONN\u00c9ES ?<\/a><\/span><\/div><\/li><li><div><span lang=\"FR\"><a href=\"https:\/\/cashlupo.com\/politica-de-privacidad\/#tiers\">PARTAGERONS-NOUS VOS DONN\u00c9ES AVEC DES TIERS ?<\/a><\/span><\/div><\/li><li><div><span lang=\"FR\"><a href=\"https:\/\/cashlupo.com\/politica-de-privacidad\/#droite\">QUELS SONT VOS DROITS LORSQUE VOUS NOUS FOURNISSEZ VOS DONN\u00c9ES ?<\/a><\/span><\/div><\/li><li><div><span lang=\"FR\"><a href=\"https:\/\/cashlupo.com\/politica-de-privacidad\/#modifications\">MODIFICATIONS DE LA POLITIQUE DE CONFIDENTIALIT\u00c9<\/a><\/span><\/div><\/li><\/ul><\/div><div>\u00a0<\/div><div><p style=\"font-weight: 400;\">LUPO GENERAL TRADING, S.L. informe ci-apr\u00e8s de sa politique de confidentialit\u00e9 appliqu\u00e9e aux donn\u00e9es personnelles. L\u2019utilisation de la page web n\u2019implique pas que l\u2019utilisateur soit tenu de fournir quelque information que ce soit par rapport \u00e0 son identit\u00e9, qui ne peut \u00eatre associ\u00e9e \u00e0 aucun usager concret par l\u2019entreprise. Au cas o\u00f9 des donn\u00e9es \u00e0 caract\u00e8re personnel seraient fournies, elles seront recueillies et utilis\u00e9es conform\u00e9ment aux limites et aux droits repris dans ladite r\u00e8glementation.<\/p><\/div><div>\u00a0<\/div><h3 id=\"responsable\">QUI EST LE RESPONSABLE DU TRAITEMENT DE VOS DONN\u00c9ES ?<\/h3><div><ul><li style=\"font-weight: 400;\">Le RESPONSABLE DU TRAITEMENT de vos donn\u00e9es est : LUPO GENERAL TRADING, S.L.<\/li><li style=\"font-weight: 400;\">CIF : B73895104<\/li><li style=\"font-weight: 400;\">Adresse postale : Pol. Ind. La Polvorista, Calle F, 6, 30500 Molina de Segura. Murcie (ESPAGNE)<\/li><li style=\"font-weight: 400;\">Courrier \u00e9lectronique : i.serrano@cashlupo.com<\/li><\/ul><\/div><div>\u00a0<\/div><h3 id=\"tipo\">QUEL TYPE DE DONN\u00c9ES TRAITONS-NOUS ?<\/h3><div><p style=\"font-weight: 400;\">En fonction des produits, des services et des fonctionnalit\u00e9s dont l\u2019usager souhaite jouir \u00e0 tout moment, nous avons besoin de traiter certaines donn\u00e9es ou d\u2019autres. En g\u00e9n\u00e9ral, ces donn\u00e9es seront, selon les cas, les suivantes :<\/p><ul><li style=\"font-weight: 400;\">Donn\u00e9es d\u2019identification (par exemple : nom, pr\u00e9nom, langue, pays d\u2019o\u00f9 vous vous interagissez avec nous, coordonn\u00e9es de contact, etc.)<\/li><li style=\"font-weight: 400;\">Donn\u00e9es de connexion, g\u00e9olocalisation et navigation (en cas d\u2019interaction avec nous depuis votre t\u00e9l\u00e9phone portable, par exemple).<\/li><\/ul><p style=\"font-weight: 400;\">N\u2019oubliez pas que, lorsque nous vous demandons de renseigner vos donn\u00e9es personnelles pour vous donner acc\u00e8s \u00e0 une fonctionnalit\u00e9 concr\u00e8te ou \u00e0 un service du site, nous cocherons certains champs comme \u00e9tant obligatoires, car ce sont les donn\u00e9es qui nous sont n\u00e9cessaires pour pouvoir vous fournir le service ou vous donner acc\u00e8s \u00e0 la fonctionnalit\u00e9 en question.<\/p><p style=\"font-weight: 400;\">N\u2019oubliez pas que si vous d\u00e9cidez de ne pas nous fournir ces donn\u00e9es, il est possible que vous ne puissiez pas achever votre enregistrement comme utilisateur ou que vous ne puissiez pas jouir de ces services ou fonctionnalit\u00e9s.<\/p><\/div><div>\u00a0<\/div><h3 id=\"finalidad\">\u00c0 QUELLES FINS TRAITONS-NOUS VOS DONN\u00c9ES PERSONNELLES ?<\/h3><div><p style=\"font-weight: 400;\">En fonction de vos interactions sur notre site web, nous traiterons vos donn\u00e9es personnelles aux fins suivantes :<\/p><ol><li style=\"font-weight: 400;\">Pour r\u00e9pondre aux demandes ou sollicitations soumises \u00e0 travers les diff\u00e9rents moyens disponibles sur notre site web.<\/li><\/ol><p style=\"font-weight: 400;\">Nous ne traitons que les donn\u00e9es personnelles strictement n\u00e9cessaires pour g\u00e9rer ou r\u00e9pondre \u00e0 votre demande ou sollicitation.<\/p><ol start=\"2\"><li style=\"font-weight: 400;\">Analyse d\u2019utilisabilit\u00e9 et de qualit\u00e9 pour l\u2019am\u00e9lioration de nos services (Cookies)<\/li><\/ol><p style=\"font-weight: 400;\">Si vous acc\u00e9dez \u00e0 notre Plateforme, nous vous informons que nous traiterons vos donn\u00e9es de navigation \u00e0 des fins d\u2019analyse et de statistique, \u00e0 savoir pour comprendre la mani\u00e8re dont les utilisateurs interagissent avec notre Plateforme et pouvoir ainsi y introduire des am\u00e9liorations. Ainsi, nous nous livrons parfois \u00e0 des actions et des enqu\u00eates de qualit\u00e9 dans le but de conna\u00eetre le degr\u00e9 de satisfaction de nos clients et utilisateurs et ainsi pouvoir d\u00e9tecter les domaines passibles d\u2019am\u00e9lioration.<\/p><\/div><div>\u00a0<\/div><h3 id=\"legitimacion\">QUELLE L\u00c9GITIMIT\u00c9 POUR LE TRAITEMENT DE VOS DONN\u00c9ES ?<\/h3><div><p style=\"font-weight: 400;\">La base l\u00e9gale qui nous permet de traiter vos donn\u00e9es personnelles d\u00e9pend aussi de la finalit\u00e9 pour laquelle nous les traitons ; ainsi, il y a diverses bases l\u00e9gales au titre des finalit\u00e9s suivantes :<\/p><ol><li style=\"font-weight: 400;\">R\u00e9ponse aux demandes d\u2019information.<\/li><\/ol><p style=\"font-weight: 400;\">La base l\u00e9gale pour le traitement de vos donn\u00e9es est le consentement inform\u00e9 pour r\u00e9pondre aux consultations pos\u00e9es \u00e0 travers le site web, ce qui suppose l&rsquo;acceptation de ces conditions de la part de l\u2019int\u00e9ress\u00e9.<\/p><\/div><div>\u00a0<\/div><h3 id=\"tiempo\">PENDANT COMBIEN DE TEMPS CONSERVERONS-NOUS VOS DONN\u00c9ES ?<\/h3><div><ol><li style=\"font-weight: 400;\">Demande d\u2019information.<\/li><\/ol><p style=\"font-weight: 400;\">Nous traiterons vos donn\u00e9es pendant le temps n\u00e9cessaire pour r\u00e9pondre \u00e0 votre demande ou sollicitation, puis pendant 1 an apr\u00e8s.<\/p><\/div><div>\u00a0<\/div><h3 id=\"terceros\">PARTAGERONS-NOUS VOS DONN\u00c9ES AVEC DES TIERS ?<\/h3><div><p style=\"font-weight: 400;\">Les donn\u00e9es personnelles ne seront ni c\u00e9d\u00e9es, ni communiqu\u00e9es \u00e0 des tiers, sauf obligation l\u00e9gale, auquel cas nous vous demanderons votre accord explicite ou nous entendrons qu\u2019il existe un int\u00e9r\u00eat l\u00e9gitime de notre part, qui vous sera d\u00fbment communiqu\u00e9.<\/p><\/div><div>\u00a0<\/div><h3 id=\"derechos\">QUELS SONT VOS DROITS LORSQUE VOUS NOUS FOURNISSEZ VOS DONN\u00c9ES ?<\/h3><div><p style=\"font-weight: 400;\">Nous nous engageons \u00e0 respecter la confidentialit\u00e9 de vos donn\u00e9es personnelles et \u00e0 vous garantir l\u2019exercice de vos droits.<\/p><p style=\"font-weight: 400;\">Vous pourrez le faire sans frais en nous envoyant un courrier \u00e9lectronique \u00e0 l\u2019adresse i.serrano@cashlupo.com, en indiquant tout simplement le motif de votre demande et le droit que vous souhaitez exercer.<\/p><p style=\"font-weight: 400;\">Au cas o\u00f9 nous le jugerions n\u00e9cessaire pour pouvoir vous identifier, nous pourrons vous demander la copie d\u2019une pi\u00e8ce d\u2019identit\u00e9. En particulier, quelle que soit la finalit\u00e9 ou la base l\u00e9gale au titre de laquelle nous traitons vos donn\u00e9es, vous \u00eates en droit de :<\/p><p style=\"font-weight: 400;\">Demander acc\u00e8s aux donn\u00e9es dont nous disposons et qui vous appartiennent.<\/p><p style=\"font-weight: 400;\">Nous demander de rectifier les donn\u00e9es dont nous disposons d\u00e9j\u00e0. Tenez compte du fait que, en nous fournissant activement vos donn\u00e9es personnelles par toute voie, vous garantissez qu\u2019elles sont vraies et exactes et vous vous engagez \u00e0 nous notifier tout changement ou modification de celles-ci.<\/p><p style=\"font-weight: 400;\">Nous demander de supprimer vos donn\u00e9es dans la mesure o\u00f9 elles ne sont plus n\u00e9cessaires pour la finalit\u00e9 pour laquelle nous avions besoin de les traiter, comme nous vous l\u2019avons indiqu\u00e9 ci-dessus, ou car nous n&rsquo;avons plus la l\u00e9gitimit\u00e9 de le faire.<\/p><p style=\"font-weight: 400;\">Nous demander de limiter le traitement de vos donn\u00e9es, ce qui suppose que, dans certains cas, vous puissiez nous demander de suspendre temporairement le traitement des donn\u00e9es ou de les conserver au-del\u00e0 du temps n\u00e9cessaire lorsque vous pouvez en avoir besoin. Si vous nous avez donn\u00e9 votre accord au traitement de vos donn\u00e9es, pour quelque finalit\u00e9 que ce soit, vous \u00eates aussi en droit de le retirer \u00e0 tout moment.<\/p><p style=\"font-weight: 400;\">Recevoir les donn\u00e9es personnelles qui vous concernent et que vous nous auriez fournies, sous format structur\u00e9, \u00e0 usage commun et lecture m\u00e9canique, ainsi que les transmettre \u00e0 un autre responsable du traitement.<\/p><p style=\"font-weight: 400;\">Par ailleurs, lorsque le traitement de vos donn\u00e9es se base sur notre int\u00e9r\u00eat l\u00e9gitime, vous serez aussi en droit de vous opposer au traitement de vos donn\u00e9es.<\/p><p style=\"font-weight: 400;\">Enfin, nous vous informons de votre droit \u00e0 pr\u00e9senter une r\u00e9clamation aupr\u00e8s de l\u2019autorit\u00e9 pertinente de contr\u00f4le en mati\u00e8re de protection des donn\u00e9es, en particulier, l\u2019Agence espagnole de protection des donn\u00e9es<br \/>https:\/\/www.agpd.es\/portalwebAGPD\/index-ides-idphp.php<\/p><\/div><div>\u00a0<\/div><h3 id=\"cambios\">MODIFICATIONS DE LA POLITIQUE DE CONFIDENTIALIT\u00c9<\/h3><div><p style=\"font-weight: 400;\">Il est possible que nous soyons amen\u00e9s \u00e0 modifier les informations contenues dans cette Politique de confidentialit\u00e9 lorsque nous le jugerions convenable. Dans ce cas, nous vous en informerons par diverses voies \u00e0 travers la Plateforme, ou nous vous le communiquerons directement, \u00e0 travers votre adresse de courrier \u00e9lectronique, lorsque le changement en question serait important pour votre confidentialit\u00e9, de sorte \u00e0 vous permettre de r\u00e9viser les changements, les \u00e9valuer et le cas \u00e9ch\u00e9ant vous y opposer ou demander \u00e0 \u00eatre radi\u00e9 d\u2019un service ou d\u2019une fonctionnalit\u00e9.<\/p><\/div>\t\t\t\t\t\t\t\t<\/div>\n\t\t\t\t<\/div>\n\t\t\t\t\t<\/div>\n\t\t\t\t<\/div>\n\t\t\t\t\t<\/div>\n\t\t\t\t<\/div>\n\t\t\t\t<\/div>\n\t\t","protected":false},"excerpt":{"rendered":"<p>POLITIQUE DE CONFIDENTIALIT\u00c9 QUI EST LE RESPONSABLE DU TRAITEMENT DE VOS DONN\u00c9ES ? QUEL TYPE DE DONN\u00c9ES TRAITONS-NOUS ? \u00c0 QUELLES FINS TRAITONS-NOUS VOS DONN\u00c9ES PERSONNELLES ? QUELLE L\u00c9GITIMIT\u00c9 POUR LE TRAITEMENT DE VOS DONN\u00c9ES ? PENDANT COMBIEN DE TEMPS CONSERVERONS-NOUS VOS DONN\u00c9ES ? PARTAGERONS-NOUS VOS DONN\u00c9ES AVEC DES TIERS ? QUELS SONT VOS DROITS [&hellip;]<\/p>\n","protected":false},"author":1,"featured_media":0,"parent":0,"menu_order":0,"comment_status":"closed","ping_status":"closed","template":"","meta":{"footnotes":""},"class_list":["post-3417","page","type-page","status-publish","hentry"],"_links":{"self":[{"href":"https:\/\/cashlupo.com\/fr\/wp-json\/wp\/v2\/pages\/3417","targetHints":{"allow":["GET"]}}],"collection":[{"href":"https:\/\/cashlupo.com\/fr\/wp-json\/wp\/v2\/pages"}],"about":[{"href":"https:\/\/cashlupo.com\/fr\/wp-json\/wp\/v2\/types\/page"}],"author":[{"embeddable":true,"href":"https:\/\/cashlupo.com\/fr\/wp-json\/wp\/v2\/users\/1"}],"replies":[{"embeddable":true,"href":"https:\/\/cashlupo.com\/fr\/wp-json\/wp\/v2\/comments?post=3417"}],"version-history":[{"count":5,"href":"https:\/\/cashlupo.com\/fr\/wp-json\/wp\/v2\/pages\/3417\/revisions"}],"predecessor-version":[{"id":3426,"href":"https:\/\/cashlupo.com\/fr\/wp-json\/wp\/v2\/pages\/3417\/revisions\/3426"}],"wp:attachment":[{"href":"https:\/\/cashlupo.com\/fr\/wp-json\/wp\/v2\/media?parent=3417"}],"curies":[{"name":"wp","href":"https:\/\/api.w.org\/{rel}","templated":true}]}}