{"id":3396,"date":"2023-02-09T21:38:45","date_gmt":"2023-02-09T20:38:45","guid":{"rendered":"https:\/\/cashlupo.com\/avis-legal\/"},"modified":"2025-02-17T13:59:13","modified_gmt":"2025-02-17T12:59:13","slug":"avis-legal","status":"publish","type":"page","link":"https:\/\/cashlupo.com\/fr\/avis-legal\/","title":{"rendered":"AVIS L\u00c9GAL"},"content":{"rendered":"\t\t<div data-elementor-type=\"wp-page\" data-elementor-id=\"3396\" class=\"elementor elementor-3396 elementor-31\" data-elementor-post-type=\"page\">\n\t\t\t\t<div class=\"elementor-element elementor-element-49d20c2 e-flex e-con-boxed e-con e-parent\" data-id=\"49d20c2\" data-element_type=\"container\" data-e-type=\"container\">\n\t\t\t\t\t<div class=\"e-con-inner\">\n\t\t<div class=\"elementor-element elementor-element-b03ee33 e-con-full e-flex e-con e-child\" data-id=\"b03ee33\" data-element_type=\"container\" data-e-type=\"container\">\n\t\t\t\t<div class=\"elementor-element elementor-element-d0fd5fd elementor-widget__width-initial elementor-widget-tablet__width-initial elementor-widget-mobile__width-inherit elementor-widget elementor-widget-heading\" data-id=\"d0fd5fd\" data-element_type=\"widget\" data-e-type=\"widget\" data-widget_type=\"heading.default\">\n\t\t\t\t<div class=\"elementor-widget-container\">\n\t\t\t\t\t<h3 class=\"elementor-heading-title elementor-size-default\">AVIS L\u00c9GAL<\/h3>\t\t\t\t<\/div>\n\t\t\t\t<\/div>\n\t\t\t\t<\/div>\n\t\t<div class=\"elementor-element elementor-element-96e0a41 e-con-full e-flex e-con e-child\" data-id=\"96e0a41\" data-element_type=\"container\" data-e-type=\"container\">\n\t\t\t\t<\/div>\n\t\t\t\t\t<\/div>\n\t\t\t\t<\/div>\n\t\t<div class=\"elementor-element elementor-element-a8d8220 e-flex e-con-boxed e-con e-parent\" data-id=\"a8d8220\" data-element_type=\"container\" data-e-type=\"container\">\n\t\t\t\t\t<div class=\"e-con-inner\">\n\t\t<div class=\"elementor-element elementor-element-6f9d381 e-flex e-con-boxed e-con e-child\" data-id=\"6f9d381\" data-element_type=\"container\" data-e-type=\"container\">\n\t\t\t\t\t<div class=\"e-con-inner\">\n\t\t\t\t<div class=\"elementor-element elementor-element-c305a96 elementor-widget elementor-widget-text-editor\" data-id=\"c305a96\" data-element_type=\"widget\" data-e-type=\"widget\" data-widget_type=\"text-editor.default\">\n\t\t\t\t<div class=\"elementor-widget-container\">\n\t\t\t\t\t\t\t\t\t<p>Ce document vise \u00e0 vous informer des motifs pour lesquels nous recueillons vos donn\u00e9es personnelles, ce que nous en faisons, quels sont vos droits et comment vous pouvez les exercer. Si la destination de vos donn\u00e9es vous int\u00e9resse, nous vous conseillons de consacrer quelques minutes \u00e0 la lecture de ce document.<\/p><p>QUI EST LE RESPONSABLE DE VOS DONN\u00c9ES ?<\/p><p>Le titulaire de ce site web est : LUPO GENERAL TRADING, S.L.<br>C.I.F. : B-73895104<br>Si\u00e8ge social : Plaza de la Regi\u00f3n Murciana N5 8D \u2013 30500 Molina de Segura \u2013 Murcie<br>T\u00e9l\u00e9phone : 968 205 004<br>E-mail : info@cashlupo.com<\/p><p>\u00c0 QUELLES FINS COLLECTONS-NOUS VOS DONN\u00c9ES PERSONNELLES ?<\/p><p>LUPO GENERAL TRADING, S.L. collecte et traite les informations que vous nous fournissez afin de r\u00e9pondre aux questions que vous nous posez \u00e0 travers nos formulaires de contact et commentaires, et pour vous faire parvenir les informations susceptibles de vous int\u00e9resser \u00e0 travers nos canaux de communication.<\/p><p>Ces informations restent stock\u00e9es par nos soins tant que vous n\u2019en demandez pas la suppression.<\/p><p>QUELLE L\u00c9GITIMIT\u00c9 POUR LE TRAITEMENT DE VOS DONN\u00c9ES ?<\/p><p>Les bases l\u00e9gales pour le traitement de vos donn\u00e9es sont :<\/p><p>Ex\u00e9cution du contrat de souscription pour vous faire parvenir les informations de votre int\u00e9r\u00eat \u00e0 travers nos canaux de communication.<br>Obtention de votre accord pour r\u00e9pondre aux questions que vous nous posez \u00e0 travers nos formulaires de contact et vos commentaires.<br>N\u2019oubliez pas que vous n\u2019\u00eates pas tenu\/e de nous donner votre accord pour le traitement de vos donn\u00e9es. Mais \u00e0 d\u00e9faut de le faire, LUPO GENERAL TRADING, S.L. ne pourra pas vous faire parvenir d\u2019informations de votre int\u00e9r\u00eat \u00e0 travers ses canaux de communication.<\/p><p>\u00c0 QUI VOS DONN\u00c9ES \u00c0 CARACT\u00c8RE PERSONNEL SONT-ELLES COMMUNIQU\u00c9ES ?<\/p><p>Pour pouvoir vous proposer nos services avec une meilleure qualit\u00e9 et respecter nos obligations l\u00e9gales.<\/p><p>QUELS SONT VOS DROITS LORSQUE VOUS NOUS FOURNISSEZ VOS DONN\u00c9ES PERSONNELLES ?<\/p><p>Le fait que vous nous ayez c\u00e9d\u00e9 vos donn\u00e9es et que vous ayez consenti \u00e0 leur traitement ne vous engage \u00e0 rien aupr\u00e8s de nous. Il existe une s\u00e9rie de droits que vous pouvez exercer \u00e0 tout moment, \u00e0 savoir :<\/p><p>Droit de demander l\u2019acc\u00e8s \u00e0 vos donn\u00e9es \u00e0 caract\u00e8re personnel.<br>Droit de demander leur rectification ou leur suppression.<br>Droit de demander la limitation du traitement.<br>Droit de vous opposer au traitement.<br>Pour exercer vos droits, vous pouvez renseigner le formulaire que vous trouverez en cliquant sur ce lien.<\/p><p>Sachez \u00e9galement que si vous avez accept\u00e9 de fournir des donn\u00e9es \u00e0 un titre sp\u00e9cifique, vous \u00eates en droit de retirer votre accord \u00e0 tout moment sans que cela n\u2019affecte la l\u00e9galit\u00e9 du traitement bas\u00e9 sur le consentement avant son retrait.<\/p>\t\t\t\t\t\t\t\t<\/div>\n\t\t\t\t<\/div>\n\t\t\t\t\t<\/div>\n\t\t\t\t<\/div>\n\t\t\t\t\t<\/div>\n\t\t\t\t<\/div>\n\t\t<div class=\"elementor-element elementor-element-508dab8 e-flex e-con-boxed e-con e-parent\" data-id=\"508dab8\" data-element_type=\"container\" data-e-type=\"container\">\n\t\t\t\t\t<div class=\"e-con-inner\">\n\t\t\t\t<div class=\"elementor-element elementor-element-410d640 elementor-widget elementor-widget-heading\" data-id=\"410d640\" data-element_type=\"widget\" data-e-type=\"widget\" data-widget_type=\"heading.default\">\n\t\t\t\t<div class=\"elementor-widget-container\">\n\t\t\t\t\t<h2 class=\"elementor-heading-title elementor-size-default\"><a href=\"https:\/\/cashlupo.com\/fr\/\">Retour<\/a><\/h2>\t\t\t\t<\/div>\n\t\t\t\t<\/div>\n\t\t\t\t\t<\/div>\n\t\t\t\t<\/div>\n\t\t\t\t<\/div>\n\t\t","protected":false},"excerpt":{"rendered":"<p>AVIS L\u00c9GAL Ce document vise \u00e0 vous informer des motifs pour lesquels nous recueillons vos donn\u00e9es personnelles, ce que nous en faisons, quels sont vos droits et comment vous pouvez les exercer. Si la destination de vos donn\u00e9es vous int\u00e9resse, nous vous conseillons de consacrer quelques minutes \u00e0 la lecture de ce document. QUI EST [&hellip;]<\/p>\n","protected":false},"author":1,"featured_media":0,"parent":0,"menu_order":0,"comment_status":"closed","ping_status":"closed","template":"","meta":{"footnotes":""},"class_list":["post-3396","page","type-page","status-publish","hentry"],"_links":{"self":[{"href":"https:\/\/cashlupo.com\/fr\/wp-json\/wp\/v2\/pages\/3396","targetHints":{"allow":["GET"]}}],"collection":[{"href":"https:\/\/cashlupo.com\/fr\/wp-json\/wp\/v2\/pages"}],"about":[{"href":"https:\/\/cashlupo.com\/fr\/wp-json\/wp\/v2\/types\/page"}],"author":[{"embeddable":true,"href":"https:\/\/cashlupo.com\/fr\/wp-json\/wp\/v2\/users\/1"}],"replies":[{"embeddable":true,"href":"https:\/\/cashlupo.com\/fr\/wp-json\/wp\/v2\/comments?post=3396"}],"version-history":[{"count":1,"href":"https:\/\/cashlupo.com\/fr\/wp-json\/wp\/v2\/pages\/3396\/revisions"}],"predecessor-version":[{"id":3397,"href":"https:\/\/cashlupo.com\/fr\/wp-json\/wp\/v2\/pages\/3396\/revisions\/3397"}],"wp:attachment":[{"href":"https:\/\/cashlupo.com\/fr\/wp-json\/wp\/v2\/media?parent=3396"}],"curies":[{"name":"wp","href":"https:\/\/api.w.org\/{rel}","templated":true}]}}